{"id":16,"date":"2022-01-23T00:29:34","date_gmt":"2022-01-23T00:29:34","guid":{"rendered":"http:\/\/gochiapas.com\/?page_id=16"},"modified":"2022-09-26T19:26:52","modified_gmt":"2022-09-26T19:26:52","slug":"chiapas","status":"publish","type":"page","link":"https:\/\/gochiapas.com\/index.php\/chiapas\/","title":{"rendered":"Chiapas"},"content":{"rendered":"\t\t<div data-elementor-type=\"wp-page\" data-elementor-id=\"16\" class=\"elementor elementor-16\" data-elementor-post-type=\"page\">\n\t\t\t\t\t\t<section class=\"elementor-section elementor-top-section elementor-element elementor-element-3383cd4 elementor-section-boxed elementor-section-height-default elementor-section-height-default\" data-id=\"3383cd4\" data-element_type=\"section\" data-e-type=\"section\" data-settings=\"{&quot;background_background&quot;:&quot;classic&quot;,&quot;background_motion_fx_motion_fx_mouse&quot;:&quot;yes&quot;,&quot;background_motion_fx_mouseTrack_effect&quot;:&quot;yes&quot;,&quot;background_motion_fx_mouseTrack_speed&quot;:{&quot;unit&quot;:&quot;px&quot;,&quot;size&quot;:1,&quot;sizes&quot;:[]}}\">\n\t\t\t\t\t\t\t<div class=\"elementor-background-overlay\"><\/div>\n\t\t\t\t\t\t\t<div class=\"elementor-container elementor-column-gap-default\">\n\t\t\t\t\t<div class=\"elementor-column elementor-col-100 elementor-top-column elementor-element elementor-element-bc97b50\" data-id=\"bc97b50\" data-element_type=\"column\" data-e-type=\"column\">\n\t\t\t<div class=\"elementor-widget-wrap elementor-element-populated\">\n\t\t\t\t\t\t<div class=\"elementor-element elementor-element-65fb626 elementor-widget elementor-widget-heading\" data-id=\"65fb626\" data-element_type=\"widget\" data-e-type=\"widget\" data-widget_type=\"heading.default\">\n\t\t\t\t<div class=\"elementor-widget-container\">\n\t\t\t\t\t<h2 class=\"elementor-heading-title elementor-size-default\">Chiapas<\/h2>\t\t\t\t<\/div>\n\t\t\t\t<\/div>\n\t\t\t\t<div class=\"elementor-element elementor-element-c0b4d04 elementor-widget elementor-widget-heading\" data-id=\"c0b4d04\" data-element_type=\"widget\" data-e-type=\"widget\" data-widget_type=\"heading.default\">\n\t\t\t\t<div class=\"elementor-widget-container\">\n\t\t\t\t\t<h2 class=\"elementor-heading-title elementor-size-default\">Tejedora de aventuras, de sabores, de sonidos, de cultura, de grandezas naturales y de hisotria.<\/h2>\t\t\t\t<\/div>\n\t\t\t\t<\/div>\n\t\t\t\t<div class=\"elementor-element elementor-element-4e7017e elementor-align-center elementor-widget elementor-widget-button\" data-id=\"4e7017e\" data-element_type=\"widget\" data-e-type=\"widget\" data-widget_type=\"button.default\">\n\t\t\t\t<div class=\"elementor-widget-container\">\n\t\t\t\t\t\t\t\t\t<div class=\"elementor-button-wrapper\">\n\t\t\t\t\t<a class=\"elementor-button elementor-button-link elementor-size-sm\" href=\"#descubre\">\n\t\t\t\t\t\t<span class=\"elementor-button-content-wrapper\">\n\t\t\t\t\t\t\t\t\t<span class=\"elementor-button-text\">Descubre<\/span>\n\t\t\t\t\t<\/span>\n\t\t\t\t\t<\/a>\n\t\t\t\t<\/div>\n\t\t\t\t\t\t\t\t<\/div>\n\t\t\t\t<\/div>\n\t\t\t\t\t<\/div>\n\t\t<\/div>\n\t\t\t\t\t<\/div>\n\t\t<\/section>\n\t\t\t\t<section class=\"elementor-section elementor-top-section elementor-element elementor-element-dca8c89 elementor-section-content-middle elementor-section-boxed elementor-section-height-default elementor-section-height-default\" data-id=\"dca8c89\" data-element_type=\"section\" data-e-type=\"section\" data-settings=\"{&quot;background_background&quot;:&quot;classic&quot;}\">\n\t\t\t\t\t\t<div class=\"elementor-container elementor-column-gap-no\">\n\t\t\t\t\t<div class=\"elementor-column elementor-col-50 elementor-top-column elementor-element elementor-element-e37fbe6\" data-id=\"e37fbe6\" data-element_type=\"column\" data-e-type=\"column\">\n\t\t\t<div class=\"elementor-widget-wrap elementor-element-populated\">\n\t\t\t\t\t\t<div class=\"elementor-element elementor-element-0e70726 elementor-widget elementor-widget-heading\" data-id=\"0e70726\" data-element_type=\"widget\" data-e-type=\"widget\" data-widget_type=\"heading.default\">\n\t\t\t\t<div class=\"elementor-widget-container\">\n\t\t\t\t\t<h2 class=\"elementor-heading-title elementor-size-default\">Cascadas de Chifl\u00f3n<\/h2>\t\t\t\t<\/div>\n\t\t\t\t<\/div>\n\t\t\t\t<div class=\"elementor-element elementor-element-366729b elementor-widget elementor-widget-heading\" data-id=\"366729b\" data-element_type=\"widget\" data-e-type=\"widget\" data-widget_type=\"heading.default\">\n\t\t\t\t<div class=\"elementor-widget-container\">\n\t\t\t\t\t<h2 class=\"elementor-heading-title elementor-size-default\">Chiapas<\/h2>\t\t\t\t<\/div>\n\t\t\t\t<\/div>\n\t\t\t\t<div class=\"elementor-element elementor-element-0338de7 elementor-widget elementor-widget-heading\" data-id=\"0338de7\" data-element_type=\"widget\" data-e-type=\"widget\" data-widget_type=\"heading.default\">\n\t\t\t\t<div class=\"elementor-widget-container\">\n\t\t\t\t\t<h2 class=\"elementor-heading-title elementor-size-default\">Cadena de cascadas que se forman por el cauce del r\u00edo San Vicente, que se precipita en varias ca\u00eddas, la mayor de 70m de altura.<\/h2>\t\t\t\t<\/div>\n\t\t\t\t<\/div>\n\t\t\t\t<div class=\"elementor-element elementor-element-dec527d elementor-align-center elementor-widget elementor-widget-button\" data-id=\"dec527d\" data-element_type=\"widget\" data-e-type=\"widget\" data-widget_type=\"button.default\">\n\t\t\t\t<div class=\"elementor-widget-container\">\n\t\t\t\t\t\t\t\t\t<div class=\"elementor-button-wrapper\">\n\t\t\t\t\t<a class=\"elementor-button elementor-button-link elementor-size-sm\" href=\"https:\/\/gochiapas.com\/index.php\/2022\/02\/07\/cascadas-el-chiflon\/\">\n\t\t\t\t\t\t<span class=\"elementor-button-content-wrapper\">\n\t\t\t\t\t\t\t\t\t<span class=\"elementor-button-text\">Saber m\u00e1s...<\/span>\n\t\t\t\t\t<\/span>\n\t\t\t\t\t<\/a>\n\t\t\t\t<\/div>\n\t\t\t\t\t\t\t\t<\/div>\n\t\t\t\t<\/div>\n\t\t\t\t\t<\/div>\n\t\t<\/div>\n\t\t\t\t<div class=\"elementor-column elementor-col-50 elementor-top-column elementor-element elementor-element-98313a8\" data-id=\"98313a8\" data-element_type=\"column\" data-e-type=\"column\">\n\t\t\t<div class=\"elementor-widget-wrap elementor-element-populated\">\n\t\t\t\t\t\t<div class=\"elementor-element elementor-element-ce20cdc elementor-widget elementor-widget-video\" data-id=\"ce20cdc\" data-element_type=\"widget\" data-e-type=\"widget\" data-settings=\"{&quot;video_type&quot;:&quot;hosted&quot;,&quot;autoplay&quot;:&quot;yes&quot;,&quot;mute&quot;:&quot;yes&quot;,&quot;controls&quot;:&quot;yes&quot;}\" data-widget_type=\"video.default\">\n\t\t\t\t<div class=\"elementor-widget-container\">\n\t\t\t\t\t\t\t<div class=\"e-hosted-video elementor-wrapper elementor-open-inline\">\n\t\t\t\t\t<video class=\"elementor-video\" src=\"https:\/\/gochiapas.com\/wp-content\/uploads\/2022\/09\/cascadaschiflon.mp4\" autoplay=\"\" controls=\"\" muted=\"muted\" controlsList=\"nodownload\"><\/video>\n\t\t\t\t<\/div>\n\t\t\t\t\t\t<\/div>\n\t\t\t\t<\/div>\n\t\t\t\t\t<\/div>\n\t\t<\/div>\n\t\t\t\t\t<\/div>\n\t\t<\/section>\n\t\t\t\t<section class=\"elementor-section elementor-top-section elementor-element elementor-element-f11526d elementor-section-full_width elementor-section-height-default elementor-section-height-default\" data-id=\"f11526d\" data-element_type=\"section\" data-e-type=\"section\">\n\t\t\t\t\t\t<div class=\"elementor-container elementor-column-gap-default\">\n\t\t\t\t\t<div class=\"elementor-column elementor-col-100 elementor-top-column elementor-element elementor-element-932a4a5\" data-id=\"932a4a5\" data-element_type=\"column\" data-e-type=\"column\">\n\t\t\t<div class=\"elementor-widget-wrap elementor-element-populated\">\n\t\t\t\t\t\t<div class=\"elementor-element elementor-element-69b1ba1 elementor-widget elementor-widget-menu-anchor\" data-id=\"69b1ba1\" data-element_type=\"widget\" data-e-type=\"widget\" data-widget_type=\"menu-anchor.default\">\n\t\t\t\t<div class=\"elementor-widget-container\">\n\t\t\t\t\t\t\t<div class=\"elementor-menu-anchor\" id=\"descubre\"><\/div>\n\t\t\t\t\t\t<\/div>\n\t\t\t\t<\/div>\n\t\t\t\t<div class=\"elementor-element elementor-element-437b09e elementor-grid-3 elementor-grid-tablet-2 elementor-grid-mobile-1 elementor-widget elementor-widget-portfolio\" data-id=\"437b09e\" data-element_type=\"widget\" data-e-type=\"widget\" data-settings=\"{&quot;columns&quot;:&quot;3&quot;,&quot;columns_tablet&quot;:&quot;2&quot;,&quot;columns_mobile&quot;:&quot;1&quot;,&quot;item_ratio&quot;:{&quot;unit&quot;:&quot;px&quot;,&quot;size&quot;:0.66,&quot;sizes&quot;:[]},&quot;item_gap&quot;:{&quot;unit&quot;:&quot;px&quot;,&quot;size&quot;:&quot;&quot;,&quot;sizes&quot;:[]},&quot;row_gap&quot;:{&quot;unit&quot;:&quot;px&quot;,&quot;size&quot;:&quot;&quot;,&quot;sizes&quot;:[]}}\" data-widget_type=\"portfolio.default\">\n\t\t\t\t<div class=\"elementor-widget-container\">\n\t\t\t\t\t\t\t<div class=\"elementor-portfolio elementor-grid elementor-posts-container\" role=\"list\">\n\t\t\t\t<article class=\"elementor-portfolio-item elementor-post elementor-filter-1 post-1248 post type-post status-publish format-standard has-post-thumbnail hentry category-uncategorized tag-atractivos_turisticos tag-chiapas\" role=\"listitem\">\n\t\t\t<a class=\"elementor-post__thumbnail__link\" href=\"https:\/\/gochiapas.com\/index.php\/2022\/04\/18\/san-juan-chamula-y-zinacantan\/\">\n\t\t\t\t<div class=\"elementor-portfolio-item__img elementor-post__thumbnail\">\n\t\t\t<img fetchpriority=\"high\" decoding=\"async\" width=\"700\" height=\"524\" src=\"https:\/\/gochiapas.com\/wp-content\/uploads\/2022\/02\/Zinacanta\u0301n-10.jpg\" class=\"attachment-full size-full wp-image-542\" alt=\"\" srcset=\"https:\/\/gochiapas.com\/wp-content\/uploads\/2022\/02\/Zinacanta\u0301n-10.jpg 700w, https:\/\/gochiapas.com\/wp-content\/uploads\/2022\/02\/Zinacanta\u0301n-10-300x225.jpg 300w\" sizes=\"(max-width: 700px) 100vw, 700px\" \/>\t\t<\/div>\n\t\t\t\t<div class=\"elementor-portfolio-item__overlay\">\n\t\t\t\t<h3 class=\"elementor-portfolio-item__title\">\n\t\tSan Juan Chamula y Zinacant\u00e1n\t\t<\/h3>\n\t\t\t\t<\/div>\n\t\t\t\t<\/a>\n\t\t<\/article>\n\t\t\t\t<article class=\"elementor-portfolio-item elementor-post elementor-filter-1 post-1244 post type-post status-publish format-standard has-post-thumbnail hentry category-uncategorized tag-atractivos_turisticos tag-chiapas\" role=\"listitem\">\n\t\t\t<a class=\"elementor-post__thumbnail__link\" href=\"https:\/\/gochiapas.com\/index.php\/2022\/04\/18\/las-nubes\/\">\n\t\t\t\t<div class=\"elementor-portfolio-item__img elementor-post__thumbnail\">\n\t\t\t<img decoding=\"async\" width=\"870\" height=\"579\" src=\"https:\/\/gochiapas.com\/wp-content\/uploads\/2022\/04\/73_870_lasnubes-cabanas2.jpg\" class=\"attachment-full size-full wp-image-1245\" alt=\"\" srcset=\"https:\/\/gochiapas.com\/wp-content\/uploads\/2022\/04\/73_870_lasnubes-cabanas2.jpg 870w, https:\/\/gochiapas.com\/wp-content\/uploads\/2022\/04\/73_870_lasnubes-cabanas2-300x200.jpg 300w, https:\/\/gochiapas.com\/wp-content\/uploads\/2022\/04\/73_870_lasnubes-cabanas2-768x511.jpg 768w\" sizes=\"(max-width: 870px) 100vw, 870px\" \/>\t\t<\/div>\n\t\t\t\t<div class=\"elementor-portfolio-item__overlay\">\n\t\t\t\t<h3 class=\"elementor-portfolio-item__title\">\n\t\tLas Nubes\t\t<\/h3>\n\t\t\t\t<\/div>\n\t\t\t\t<\/a>\n\t\t<\/article>\n\t\t\t\t<article class=\"elementor-portfolio-item elementor-post elementor-filter-1 post-1045 post type-post status-publish format-standard has-post-thumbnail hentry category-uncategorized tag-atractivos_turisticos tag-chiapas\" role=\"listitem\">\n\t\t\t<a class=\"elementor-post__thumbnail__link\" href=\"https:\/\/gochiapas.com\/index.php\/2022\/02\/17\/palenque\/\">\n\t\t\t\t<div class=\"elementor-portfolio-item__img elementor-post__thumbnail\">\n\t\t\t<img decoding=\"async\" width=\"2000\" height=\"1308\" src=\"https:\/\/gochiapas.com\/wp-content\/uploads\/2022\/02\/AdobeStock_264679174.jpeg\" class=\"attachment-full size-full wp-image-945\" alt=\"\" srcset=\"https:\/\/gochiapas.com\/wp-content\/uploads\/2022\/02\/AdobeStock_264679174.jpeg 2000w, https:\/\/gochiapas.com\/wp-content\/uploads\/2022\/02\/AdobeStock_264679174-300x196.jpeg 300w, https:\/\/gochiapas.com\/wp-content\/uploads\/2022\/02\/AdobeStock_264679174-1024x670.jpeg 1024w, https:\/\/gochiapas.com\/wp-content\/uploads\/2022\/02\/AdobeStock_264679174-768x502.jpeg 768w, https:\/\/gochiapas.com\/wp-content\/uploads\/2022\/02\/AdobeStock_264679174-1536x1005.jpeg 1536w\" sizes=\"(max-width: 2000px) 100vw, 2000px\" \/>\t\t<\/div>\n\t\t\t\t<div class=\"elementor-portfolio-item__overlay\">\n\t\t\t\t<h3 class=\"elementor-portfolio-item__title\">\n\t\tPalenque\t\t<\/h3>\n\t\t\t\t<\/div>\n\t\t\t\t<\/a>\n\t\t<\/article>\n\t\t\t\t<article class=\"elementor-portfolio-item elementor-post elementor-filter-1 post-1037 post type-post status-publish format-standard has-post-thumbnail hentry category-uncategorized tag-atractivos_turisticos tag-chiapas\" role=\"listitem\">\n\t\t\t<a class=\"elementor-post__thumbnail__link\" href=\"https:\/\/gochiapas.com\/index.php\/2022\/02\/17\/chiapa-de-corzo\/\">\n\t\t\t\t<div class=\"elementor-portfolio-item__img elementor-post__thumbnail\">\n\t\t\t<img loading=\"lazy\" decoding=\"async\" width=\"2416\" height=\"1985\" src=\"https:\/\/gochiapas.com\/wp-content\/uploads\/2022\/02\/PARACHICOS_3.jpg\" class=\"attachment-full size-full wp-image-1038\" alt=\"\" srcset=\"https:\/\/gochiapas.com\/wp-content\/uploads\/2022\/02\/PARACHICOS_3.jpg 2416w, https:\/\/gochiapas.com\/wp-content\/uploads\/2022\/02\/PARACHICOS_3-300x246.jpg 300w, https:\/\/gochiapas.com\/wp-content\/uploads\/2022\/02\/PARACHICOS_3-1024x841.jpg 1024w, https:\/\/gochiapas.com\/wp-content\/uploads\/2022\/02\/PARACHICOS_3-768x631.jpg 768w, https:\/\/gochiapas.com\/wp-content\/uploads\/2022\/02\/PARACHICOS_3-1536x1262.jpg 1536w, https:\/\/gochiapas.com\/wp-content\/uploads\/2022\/02\/PARACHICOS_3-2048x1683.jpg 2048w\" sizes=\"(max-width: 2416px) 100vw, 2416px\" \/>\t\t<\/div>\n\t\t\t\t<div class=\"elementor-portfolio-item__overlay\">\n\t\t\t\t<h3 class=\"elementor-portfolio-item__title\">\n\t\tChiapa de Corzo\t\t<\/h3>\n\t\t\t\t<\/div>\n\t\t\t\t<\/a>\n\t\t<\/article>\n\t\t\t\t<article class=\"elementor-portfolio-item elementor-post elementor-filter-1 post-494 post type-post status-publish format-standard has-post-thumbnail hentry category-uncategorized tag-atractivos_turisticos tag-chiapas\" role=\"listitem\">\n\t\t\t<a class=\"elementor-post__thumbnail__link\" href=\"https:\/\/gochiapas.com\/index.php\/2022\/02\/08\/cascada-de-misol-ha\/\">\n\t\t\t\t<div class=\"elementor-portfolio-item__img elementor-post__thumbnail\">\n\t\t\t<img loading=\"lazy\" decoding=\"async\" width=\"1600\" height=\"1200\" src=\"https:\/\/gochiapas.com\/wp-content\/uploads\/2022\/02\/zcvf.png\" class=\"attachment-full size-full wp-image-495\" alt=\"\" srcset=\"https:\/\/gochiapas.com\/wp-content\/uploads\/2022\/02\/zcvf.png 1600w, https:\/\/gochiapas.com\/wp-content\/uploads\/2022\/02\/zcvf-300x225.png 300w, https:\/\/gochiapas.com\/wp-content\/uploads\/2022\/02\/zcvf-1024x768.png 1024w, https:\/\/gochiapas.com\/wp-content\/uploads\/2022\/02\/zcvf-768x576.png 768w, https:\/\/gochiapas.com\/wp-content\/uploads\/2022\/02\/zcvf-1536x1152.png 1536w\" sizes=\"(max-width: 1600px) 100vw, 1600px\" \/>\t\t<\/div>\n\t\t\t\t<div class=\"elementor-portfolio-item__overlay\">\n\t\t\t\t<h3 class=\"elementor-portfolio-item__title\">\n\t\tCascada de Misol-Ha\t\t<\/h3>\n\t\t\t\t<\/div>\n\t\t\t\t<\/a>\n\t\t<\/article>\n\t\t\t\t<article class=\"elementor-portfolio-item elementor-post elementor-filter-1 post-490 post type-post status-publish format-standard has-post-thumbnail hentry category-uncategorized tag-atractivos_turisticos tag-chiapas\" role=\"listitem\">\n\t\t\t<a class=\"elementor-post__thumbnail__link\" href=\"https:\/\/gochiapas.com\/index.php\/2022\/02\/07\/cascadas-el-chiflon\/\">\n\t\t\t\t<div class=\"elementor-portfolio-item__img elementor-post__thumbnail\">\n\t\t\t<img loading=\"lazy\" decoding=\"async\" width=\"2048\" height=\"1183\" src=\"https:\/\/gochiapas.com\/wp-content\/uploads\/2022\/02\/image.jpg\" class=\"attachment-full size-full wp-image-491\" alt=\"\" srcset=\"https:\/\/gochiapas.com\/wp-content\/uploads\/2022\/02\/image.jpg 2048w, https:\/\/gochiapas.com\/wp-content\/uploads\/2022\/02\/image-300x173.jpg 300w, https:\/\/gochiapas.com\/wp-content\/uploads\/2022\/02\/image-1024x592.jpg 1024w, https:\/\/gochiapas.com\/wp-content\/uploads\/2022\/02\/image-768x444.jpg 768w, https:\/\/gochiapas.com\/wp-content\/uploads\/2022\/02\/image-1536x887.jpg 1536w\" sizes=\"(max-width: 2048px) 100vw, 2048px\" \/>\t\t<\/div>\n\t\t\t\t<div class=\"elementor-portfolio-item__overlay\">\n\t\t\t\t<h3 class=\"elementor-portfolio-item__title\">\n\t\tCascadas El Chifl\u00f3n\t\t<\/h3>\n\t\t\t\t<\/div>\n\t\t\t\t<\/a>\n\t\t<\/article>\n\t\t\t\t<article class=\"elementor-portfolio-item elementor-post elementor-filter-1 post-486 post type-post status-publish format-standard has-post-thumbnail hentry category-uncategorized tag-atractivos_turisticos tag-chiapas\" role=\"listitem\">\n\t\t\t<a class=\"elementor-post__thumbnail__link\" href=\"https:\/\/gochiapas.com\/index.php\/2022\/02\/07\/yaxchilan\/\">\n\t\t\t\t<div class=\"elementor-portfolio-item__img elementor-post__thumbnail\">\n\t\t\t<img loading=\"lazy\" decoding=\"async\" width=\"2272\" height=\"1704\" src=\"https:\/\/gochiapas.com\/wp-content\/uploads\/2022\/02\/Yaxchilan_1.jpg\" class=\"attachment-full size-full wp-image-487\" alt=\"\" srcset=\"https:\/\/gochiapas.com\/wp-content\/uploads\/2022\/02\/Yaxchilan_1.jpg 2272w, https:\/\/gochiapas.com\/wp-content\/uploads\/2022\/02\/Yaxchilan_1-300x225.jpg 300w, https:\/\/gochiapas.com\/wp-content\/uploads\/2022\/02\/Yaxchilan_1-1024x768.jpg 1024w, https:\/\/gochiapas.com\/wp-content\/uploads\/2022\/02\/Yaxchilan_1-768x576.jpg 768w, https:\/\/gochiapas.com\/wp-content\/uploads\/2022\/02\/Yaxchilan_1-1536x1152.jpg 1536w, https:\/\/gochiapas.com\/wp-content\/uploads\/2022\/02\/Yaxchilan_1-2048x1536.jpg 2048w\" sizes=\"(max-width: 2272px) 100vw, 2272px\" \/>\t\t<\/div>\n\t\t\t\t<div class=\"elementor-portfolio-item__overlay\">\n\t\t\t\t<h3 class=\"elementor-portfolio-item__title\">\n\t\tYaxchil\u00e1n\t\t<\/h3>\n\t\t\t\t<\/div>\n\t\t\t\t<\/a>\n\t\t<\/article>\n\t\t\t\t<article class=\"elementor-portfolio-item elementor-post elementor-filter-1 post-482 post type-post status-publish format-standard has-post-thumbnail hentry category-uncategorized tag-atractivos_turisticos tag-chiapas\" role=\"listitem\">\n\t\t\t<a class=\"elementor-post__thumbnail__link\" href=\"https:\/\/gochiapas.com\/index.php\/2022\/02\/07\/tonina\/\">\n\t\t\t\t<div class=\"elementor-portfolio-item__img elementor-post__thumbnail\">\n\t\t\t<img loading=\"lazy\" decoding=\"async\" width=\"1200\" height=\"630\" src=\"https:\/\/gochiapas.com\/wp-content\/uploads\/2022\/02\/Ocosingo-Chiapas.jpg\" class=\"attachment-full size-full wp-image-483\" alt=\"\" srcset=\"https:\/\/gochiapas.com\/wp-content\/uploads\/2022\/02\/Ocosingo-Chiapas.jpg 1200w, https:\/\/gochiapas.com\/wp-content\/uploads\/2022\/02\/Ocosingo-Chiapas-300x158.jpg 300w, https:\/\/gochiapas.com\/wp-content\/uploads\/2022\/02\/Ocosingo-Chiapas-1024x538.jpg 1024w, https:\/\/gochiapas.com\/wp-content\/uploads\/2022\/02\/Ocosingo-Chiapas-768x403.jpg 768w\" sizes=\"(max-width: 1200px) 100vw, 1200px\" \/>\t\t<\/div>\n\t\t\t\t<div class=\"elementor-portfolio-item__overlay\">\n\t\t\t\t<h3 class=\"elementor-portfolio-item__title\">\n\t\tTonin\u00e1\t\t<\/h3>\n\t\t\t\t<\/div>\n\t\t\t\t<\/a>\n\t\t<\/article>\n\t\t\t\t<article class=\"elementor-portfolio-item elementor-post elementor-filter-1 post-477 post type-post status-publish format-standard has-post-thumbnail hentry category-uncategorized tag-atractivos_turisticos tag-chiapas\" role=\"listitem\">\n\t\t\t<a class=\"elementor-post__thumbnail__link\" href=\"https:\/\/gochiapas.com\/index.php\/2022\/02\/07\/lagos-de-montebello\/\">\n\t\t\t\t<div class=\"elementor-portfolio-item__img elementor-post__thumbnail\">\n\t\t\t<img loading=\"lazy\" decoding=\"async\" width=\"1920\" height=\"1281\" src=\"https:\/\/gochiapas.com\/wp-content\/uploads\/2022\/02\/ChiapasMontebello.jpg\" class=\"attachment-full size-full wp-image-478\" alt=\"\" srcset=\"https:\/\/gochiapas.com\/wp-content\/uploads\/2022\/02\/ChiapasMontebello.jpg 1920w, https:\/\/gochiapas.com\/wp-content\/uploads\/2022\/02\/ChiapasMontebello-300x200.jpg 300w, https:\/\/gochiapas.com\/wp-content\/uploads\/2022\/02\/ChiapasMontebello-1024x683.jpg 1024w, https:\/\/gochiapas.com\/wp-content\/uploads\/2022\/02\/ChiapasMontebello-768x512.jpg 768w, https:\/\/gochiapas.com\/wp-content\/uploads\/2022\/02\/ChiapasMontebello-1536x1025.jpg 1536w\" sizes=\"(max-width: 1920px) 100vw, 1920px\" \/>\t\t<\/div>\n\t\t\t\t<div class=\"elementor-portfolio-item__overlay\">\n\t\t\t\t<h3 class=\"elementor-portfolio-item__title\">\n\t\tLagos de Montebello\t\t<\/h3>\n\t\t\t\t<\/div>\n\t\t\t\t<\/a>\n\t\t<\/article>\n\t\t\t\t<article class=\"elementor-portfolio-item elementor-post elementor-filter-1 post-474 post type-post status-publish format-standard has-post-thumbnail hentry category-uncategorized tag-atractivos_turisticos tag-chiapas\" role=\"listitem\">\n\t\t\t<a class=\"elementor-post__thumbnail__link\" href=\"https:\/\/gochiapas.com\/index.php\/2022\/02\/07\/canon-del-sumidero\/\">\n\t\t\t\t<div class=\"elementor-portfolio-item__img elementor-post__thumbnail\">\n\t\t\t<img loading=\"lazy\" decoding=\"async\" width=\"1512\" height=\"1125\" src=\"https:\/\/gochiapas.com\/wp-content\/uploads\/2022\/02\/canon_del_sumidero.conanp.jpg\" class=\"attachment-full size-full wp-image-479\" alt=\"\" srcset=\"https:\/\/gochiapas.com\/wp-content\/uploads\/2022\/02\/canon_del_sumidero.conanp.jpg 1512w, https:\/\/gochiapas.com\/wp-content\/uploads\/2022\/02\/canon_del_sumidero.conanp-300x223.jpg 300w, https:\/\/gochiapas.com\/wp-content\/uploads\/2022\/02\/canon_del_sumidero.conanp-1024x762.jpg 1024w, https:\/\/gochiapas.com\/wp-content\/uploads\/2022\/02\/canon_del_sumidero.conanp-768x571.jpg 768w\" sizes=\"(max-width: 1512px) 100vw, 1512px\" \/>\t\t<\/div>\n\t\t\t\t<div class=\"elementor-portfolio-item__overlay\">\n\t\t\t\t<h3 class=\"elementor-portfolio-item__title\">\n\t\tCa\u00f1\u00f3n del Sumidero\t\t<\/h3>\n\t\t\t\t<\/div>\n\t\t\t\t<\/a>\n\t\t<\/article>\n\t\t\t\t<article class=\"elementor-portfolio-item elementor-post elementor-filter-1 post-464 post type-post status-publish format-standard has-post-thumbnail hentry category-uncategorized tag-atractivos_turisticos tag-chiapas\" role=\"listitem\">\n\t\t\t<a class=\"elementor-post__thumbnail__link\" href=\"https:\/\/gochiapas.com\/index.php\/2022\/02\/07\/cascadas-de-agua-azul\/\">\n\t\t\t\t<div class=\"elementor-portfolio-item__img elementor-post__thumbnail\">\n\t\t\t<img loading=\"lazy\" decoding=\"async\" width=\"1920\" height=\"1100\" src=\"https:\/\/gochiapas.com\/wp-content\/uploads\/2022\/01\/slides_bellezas-naturales.jpg\" class=\"attachment-full size-full wp-image-139\" alt=\"\" srcset=\"https:\/\/gochiapas.com\/wp-content\/uploads\/2022\/01\/slides_bellezas-naturales.jpg 1920w, https:\/\/gochiapas.com\/wp-content\/uploads\/2022\/01\/slides_bellezas-naturales-300x172.jpg 300w, https:\/\/gochiapas.com\/wp-content\/uploads\/2022\/01\/slides_bellezas-naturales-1024x587.jpg 1024w, https:\/\/gochiapas.com\/wp-content\/uploads\/2022\/01\/slides_bellezas-naturales-768x440.jpg 768w, https:\/\/gochiapas.com\/wp-content\/uploads\/2022\/01\/slides_bellezas-naturales-1536x880.jpg 1536w\" sizes=\"(max-width: 1920px) 100vw, 1920px\" \/>\t\t<\/div>\n\t\t\t\t<div class=\"elementor-portfolio-item__overlay\">\n\t\t\t\t<h3 class=\"elementor-portfolio-item__title\">\n\t\tCascadas de Agua Azul\t\t<\/h3>\n\t\t\t\t<\/div>\n\t\t\t\t<\/a>\n\t\t<\/article>\n\t\t\t\t<article class=\"elementor-portfolio-item elementor-post elementor-filter-1 post-1 post type-post status-publish format-standard has-post-thumbnail hentry category-uncategorized tag-atractivos_turisticos tag-chiapas\" role=\"listitem\">\n\t\t\t<a class=\"elementor-post__thumbnail__link\" href=\"https:\/\/gochiapas.com\/index.php\/2019\/01\/29\/hello-world\/\">\n\t\t\t\t<div class=\"elementor-portfolio-item__img elementor-post__thumbnail\">\n\t\t\t<img loading=\"lazy\" decoding=\"async\" width=\"1920\" height=\"1100\" src=\"https:\/\/gochiapas.com\/wp-content\/uploads\/2022\/01\/slides_cuidades_colonilaes.jpg\" class=\"attachment-full size-full wp-image-140\" alt=\"\" srcset=\"https:\/\/gochiapas.com\/wp-content\/uploads\/2022\/01\/slides_cuidades_colonilaes.jpg 1920w, https:\/\/gochiapas.com\/wp-content\/uploads\/2022\/01\/slides_cuidades_colonilaes-300x172.jpg 300w, https:\/\/gochiapas.com\/wp-content\/uploads\/2022\/01\/slides_cuidades_colonilaes-1024x587.jpg 1024w, https:\/\/gochiapas.com\/wp-content\/uploads\/2022\/01\/slides_cuidades_colonilaes-768x440.jpg 768w, https:\/\/gochiapas.com\/wp-content\/uploads\/2022\/01\/slides_cuidades_colonilaes-1536x880.jpg 1536w\" sizes=\"(max-width: 1920px) 100vw, 1920px\" \/>\t\t<\/div>\n\t\t\t\t<div class=\"elementor-portfolio-item__overlay\">\n\t\t\t\t<h3 class=\"elementor-portfolio-item__title\">\n\t\tSan Crist\u00f3bal de las Casas\t\t<\/h3>\n\t\t\t\t<\/div>\n\t\t\t\t<\/a>\n\t\t<\/article>\n\t\t\t\t<\/div>\n\t\t\t\t\t\t<\/div>\n\t\t\t\t<\/div>\n\t\t\t\t\t<\/div>\n\t\t<\/div>\n\t\t\t\t\t<\/div>\n\t\t<\/section>\n\t\t\t\t<\/div>\n\t\t","protected":false},"excerpt":{"rendered":"<p>Chiapas Tejedora de aventuras, de sabores, de sonidos, de cultura, de grandezas naturales y de hisotria. Descubre Cascadas de Chifl\u00f3n Chiapas Cadena de cascadas que se forman por el cauce del r\u00edo San Vicente, que se precipita en varias ca\u00eddas, la mayor de 70m de altura. Saber m\u00e1s&#8230; https:\/\/gochiapas.com\/wp-content\/uploads\/2022\/09\/cascadaschiflon.mp4<\/p>\n","protected":false},"author":1,"featured_media":1042,"parent":0,"menu_order":0,"comment_status":"closed","ping_status":"closed","template":"","meta":{"footnotes":""},"class_list":["post-16","page","type-page","status-publish","has-post-thumbnail","hentry"],"_links":{"self":[{"href":"https:\/\/gochiapas.com\/index.php\/wp-json\/wp\/v2\/pages\/16","targetHints":{"allow":["GET"]}}],"collection":[{"href":"https:\/\/gochiapas.com\/index.php\/wp-json\/wp\/v2\/pages"}],"about":[{"href":"https:\/\/gochiapas.com\/index.php\/wp-json\/wp\/v2\/types\/page"}],"author":[{"embeddable":true,"href":"https:\/\/gochiapas.com\/index.php\/wp-json\/wp\/v2\/users\/1"}],"replies":[{"embeddable":true,"href":"https:\/\/gochiapas.com\/index.php\/wp-json\/wp\/v2\/comments?post=16"}],"version-history":[{"count":62,"href":"https:\/\/gochiapas.com\/index.php\/wp-json\/wp\/v2\/pages\/16\/revisions"}],"predecessor-version":[{"id":1865,"href":"https:\/\/gochiapas.com\/index.php\/wp-json\/wp\/v2\/pages\/16\/revisions\/1865"}],"wp:featuredmedia":[{"embeddable":true,"href":"https:\/\/gochiapas.com\/index.php\/wp-json\/wp\/v2\/media\/1042"}],"wp:attachment":[{"href":"https:\/\/gochiapas.com\/index.php\/wp-json\/wp\/v2\/media?parent=16"}],"curies":[{"name":"wp","href":"https:\/\/api.w.org\/{rel}","templated":true}]}}